{"id":18,"date":"2024-04-03T16:30:35","date_gmt":"2024-04-03T16:30:35","guid":{"rendered":"https:\/\/remontcieszyn.pl\/?page_id=18"},"modified":"2024-04-19T10:25:21","modified_gmt":"2024-04-19T10:25:21","slug":"informacje","status":"publish","type":"page","link":"https:\/\/remontcieszyn.pl\/?page_id=18","title":{"rendered":"Informacje"},"content":{"rendered":"\n<div class=\"wp-block-cover alignfull is-light\" style=\"min-height:600px;aspect-ratio:unset;\"><span aria-hidden=\"true\" class=\"wp-block-cover__background has-nv-light-bg-background-color has-background-dim-100 has-background-dim\"><\/span><div class=\"wp-block-cover__inner-container is-layout-flow wp-block-cover-is-layout-flow\">\n<div class=\"wp-block-group\"><div class=\"wp-block-group__inner-container is-layout-flow wp-block-group-is-layout-flow\">\n<div style=\"height:80px\" aria-hidden=\"true\" class=\"wp-block-spacer\"><\/div>\n\n\n\n<div class=\"wp-block-columns are-vertically-aligned-center is-layout-flex wp-container-core-columns-is-layout-1 wp-block-columns-is-layout-flex\">\n<div class=\"wp-block-column is-vertically-aligned-center is-layout-flow wp-block-column-is-layout-flow\" style=\"flex-basis:50%\">\n<figure class=\"wp-block-image size-full is-resized size-large\"><img loading=\"lazy\" decoding=\"async\" width=\"1024\" height=\"565\" src=\"https:\/\/remontcieszyn.pl\/wp-content\/uploads\/2024\/04\/remont-cieszyn.jpg\" alt=\"\" class=\"wp-image-152\" style=\"width:567px;height:auto\" srcset=\"https:\/\/remontcieszyn.pl\/wp-content\/uploads\/2024\/04\/remont-cieszyn.jpg 1024w, https:\/\/remontcieszyn.pl\/wp-content\/uploads\/2024\/04\/remont-cieszyn-300x166.jpg 300w, https:\/\/remontcieszyn.pl\/wp-content\/uploads\/2024\/04\/remont-cieszyn-768x424.jpg 768w\" sizes=\"(max-width: 1024px) 100vw, 1024px\" \/><\/figure>\n<\/div>\n\n\n\n<div class=\"wp-block-column is-vertically-aligned-center is-layout-flow wp-block-column-is-layout-flow\" style=\"flex-basis:50%\">\n<h2 class=\"wp-block-heading has-neve-text-color-color has-text-color\">O mnie<\/h2>\n\n\n\n<p><mark style=\"background-color:rgba(0, 0, 0, 0);color:#ffffff\" class=\"has-inline-color\">Pracuj\u0119 w bran\u017cy remontowo-budowlanej ponad 16 lat.<br>Wsp\u00f3\u0142pracuje z marketami budowlanymi w zakresie monta\u017cu:<br><\/mark><strong><mark style=\"background-color:rgba(0, 0, 0, 0)\" class=\"has-inline-color has-neve-link-color-color\">Sektor Pokry\u0107 \u015aciennych i Pod\u0142ogowych<\/mark><\/strong><mark style=\"background-color:rgba(0, 0, 0, 0);color:#ffffff\" class=\"has-inline-color\"> &#8211; panele laminowane i winylowe, deska Barlinecka, wyk\u0142adziny dywanowe i PCV, kamie\u0144 dekoracyjny (gips, beton, naturalny)<br><\/mark><mark style=\"background-color:rgba(0, 0, 0, 0)\" class=\"has-inline-color has-neve-link-color-color\">Sektor Dekoracji <\/mark><mark style=\"background-color:rgba(0, 0, 0, 0);color:#ffffff\" class=\"has-inline-color\">&#8211; malowanie, tapetowanie, tynki dekoracyjne<br><\/mark><mark style=\"background-color:rgba(0, 0, 0, 0)\" class=\"has-inline-color has-neve-link-color-color\">Sektor Kuchnie, \u0141azienki, Magazynowanie<\/mark><mark style=\"background-color:rgba(0, 0, 0, 0);color:#ffffff\" class=\"has-inline-color\"> &#8211; bia\u0142y monta\u017c (kabiny prysznicowe, wanny, armatura \u0142azienkowa, parawany, gotowe szafki \u0142azienkowe), kuchnie modu\u0142owe<br><\/mark><mark style=\"background-color:rgba(0, 0, 0, 0)\" class=\"has-inline-color has-neve-link-color-color\">Sektor Budowlany <\/mark><mark style=\"background-color:rgba(0, 0, 0, 0);color:#ffffff\" class=\"has-inline-color\">&#8211; g\u0142adzie, sucha zabudowa, drzwi wewn\u0119trzne i zewn\u0119trzne, okna, panele \u015bcienne (lamele, pcv, winyl, boazeria drewniana), gonty, papy, p\u0142yty poliw\u0119glanowe<br><\/mark><mark style=\"background-color:rgba(0, 0, 0, 0)\" class=\"has-inline-color has-neve-link-color-color\">Sektor Ogr\u00f3d <\/mark><mark style=\"background-color:rgba(0, 0, 0, 0)\" class=\"has-inline-color has-nv-text-dark-bg-color\">&#8211; deska tarasowa (drewno, kompozyt), pawilony ogrodowe<\/mark><mark style=\"background-color:rgba(0, 0, 0, 0);color:#ffffff\" class=\"has-inline-color\"><br>Mo\u017cliwo\u015b\u0107 skorzystania z preferencyjnej 8% stawki VAT, kt\u00f3ra obejmuje kompleksowe us\u0142ugi budowlane, remontowe i modernizacyjne w obiektach mieszkalnych o limicie powierzchni 150 m2 (mieszkania) i 300 m2 (domy).<\/mark><\/p>\n<\/div>\n<\/div>\n\n\n\n<div style=\"height:40px\" aria-hidden=\"true\" class=\"wp-block-spacer\"><\/div>\n<\/div><\/div>\n<\/div><\/div>\n\n\n\n<p class=\"has-text-align-center\">Zadzwo\u0144: <strong><a href=\"tel:+48506371008\">+48506 371 008<\/a><\/strong><\/p>\n","protected":false},"excerpt":{"rendered":"<p>Zadzwo\u0144: +48506 371 008<\/p>\n","protected":false},"author":1,"featured_media":0,"parent":0,"menu_order":0,"comment_status":"closed","ping_status":"closed","template":"","meta":{"neve_meta_sidebar":"","neve_meta_container":"","neve_meta_enable_content_width":"on","neve_meta_content_width":100,"neve_meta_title_alignment":"","neve_meta_author_avatar":"","neve_post_elements_order":"","neve_meta_disable_header":"","neve_meta_disable_footer":"","neve_meta_disable_title":"on","footnotes":""},"_links":{"self":[{"href":"https:\/\/remontcieszyn.pl\/index.php?rest_route=\/wp\/v2\/pages\/18"}],"collection":[{"href":"https:\/\/remontcieszyn.pl\/index.php?rest_route=\/wp\/v2\/pages"}],"about":[{"href":"https:\/\/remontcieszyn.pl\/index.php?rest_route=\/wp\/v2\/types\/page"}],"author":[{"embeddable":true,"href":"https:\/\/remontcieszyn.pl\/index.php?rest_route=\/wp\/v2\/users\/1"}],"replies":[{"embeddable":true,"href":"https:\/\/remontcieszyn.pl\/index.php?rest_route=%2Fwp%2Fv2%2Fcomments&post=18"}],"version-history":[{"count":11,"href":"https:\/\/remontcieszyn.pl\/index.php?rest_route=\/wp\/v2\/pages\/18\/revisions"}],"predecessor-version":[{"id":153,"href":"https:\/\/remontcieszyn.pl\/index.php?rest_route=\/wp\/v2\/pages\/18\/revisions\/153"}],"wp:attachment":[{"href":"https:\/\/remontcieszyn.pl\/index.php?rest_route=%2Fwp%2Fv2%2Fmedia&parent=18"}],"curies":[{"name":"wp","href":"https:\/\/api.w.org\/{rel}","templated":true}]}}